{"id":2603,"date":"2020-08-15T11:14:47","date_gmt":"2020-08-15T11:14:47","guid":{"rendered":"https:\/\/bytesed.com\/wp\/harnold\/?page_id=18"},"modified":"2022-08-24T13:00:15","modified_gmt":"2022-08-24T13:00:15","slug":"about","status":"publish","type":"page","link":"https:\/\/politiche2022.stefanofranco.org\/index.php\/about\/","title":{"rendered":"Chi Sono"},"content":{"rendered":"\t\t<div data-elementor-type=\"wp-page\" data-elementor-id=\"2603\" class=\"elementor elementor-2603\">\n\t\t\t\t\t\t<div class=\"elementor-section elementor-top-section elementor-element elementor-element-5905d59 elementor-section-boxed elementor-section-height-default elementor-section-height-default\" data-id=\"5905d59\" data-element_type=\"section\" data-e-type=\"section\">\n\t\t\t\t\t\t<div class=\"elementor-container elementor-column-gap-default\">\n\t\t\t\t\t<div class=\"elementor-column elementor-col-100 elementor-top-column elementor-element elementor-element-aad562f\" data-id=\"aad562f\" data-element_type=\"column\" data-e-type=\"column\">\n\t\t\t<div class=\"elementor-widget-wrap elementor-element-populated\">\n\t\t\t\t\t\t<div class=\"elementor-section elementor-inner-section elementor-element elementor-element-b4e6912 elementor-section-boxed elementor-section-height-default elementor-section-height-default\" data-id=\"b4e6912\" data-element_type=\"section\" data-e-type=\"section\">\n\t\t\t\t\t\t<div class=\"elementor-container elementor-column-gap-default\">\n\t\t\t\t\t<div class=\"elementor-column elementor-col-100 elementor-inner-column elementor-element elementor-element-a182872\" data-id=\"a182872\" data-element_type=\"column\" data-e-type=\"column\">\n\t\t\t<div class=\"elementor-widget-wrap elementor-element-populated\">\n\t\t\t\t\t\t<div class=\"elementor-element elementor-element-eaf310c elementor-invisible elementor-widget elementor-widget-harnold-who-we-are-ara-one-widget\" data-id=\"eaf310c\" data-element_type=\"widget\" data-e-type=\"widget\" data-settings=\"{&quot;_animation&quot;:&quot;fadeInUp&quot;}\" data-widget_type=\"harnold-who-we-are-ara-one-widget.default\">\n\t\t\t\t<div class=\"elementor-widget-container\">\n\t\t\t\t\t        <div class=\"who-we-wrapper padding-30 bg-image\">\n            <div class=\"row\">\n                <div class=\"col-xl-4 col-lg-5\">\n                    <div class=\"who-we-are-content\">\n                        <div class=\"content\">\n                            <div class=\"section-title\">\n                                <span>Chi sono<\/span>\n                                <h2 class=\"title\">La mia storia \u00e8 la storia di una persona qualunque. Di una persona normale. Di una persona di periferia.<\/h2>\n                                <div class=\"author-sign margin-top-30\">\n                                    <img decoding=\"async\" src=\"\"\n                                         alt=\"\">\n                                <\/div>\n                            <\/div>\n                        <\/div>\n                    <\/div>\n                <\/div>\n                <div class=\"col-xl-4 col-lg-5\">\n                    <div class=\"who-we-right\">\n                        <div class=\"section-title\">\n                            <div class=\"description\">\n\t\t\t\t\t\t\t\t<p>Nato e cresciuto in una famiglia discreta, con mio padre che lavorava per mantenere 6 figli. Mi sono sempre rimboccato le maniche, lavorato nelle campagne di provincia come acinino, sudato magliettine di cotone come ragazzo di volantinaggio, imbrattato le magliette con vernici e pittura di varia natura nelle lunghe giornate di lavoro come muratore. Ma ho fatto questo sempre senza nessun rimpianto: per me era normale che dovessi fare sacrifici per studiare, laurearmi, raggiungere i miei obiettivi.<\/p>                            <\/div>\n                        <\/div>\n                    <\/div>\n                <\/div>\n            <\/div>\n        <\/div>\n\t\t\t\t\t\t<\/div>\n\t\t\t\t<\/div>\n\t\t\t\t<div class=\"elementor-element elementor-element-37994f3 elementor-widget elementor-widget-text-editor\" data-id=\"37994f3\" data-element_type=\"widget\" data-e-type=\"widget\" data-widget_type=\"text-editor.default\">\n\t\t\t\t<div class=\"elementor-widget-container\">\n\t\t\t\t\t\t\t\t\t<div class=\"l7ghb35v kjdc1dyq kmwttqpk gh25dzvf jikcssrz n3t5jt4f\" style=\"overflow-wrap: break-word; margin: 0.5em 0px 0px; white-space: pre-wrap; font-family: 'Segoe UI Historic', 'Segoe UI', Helvetica, Arial, sans-serif; color: #050505; font-size: 15px;\"><div dir=\"auto\" style=\"font-family: inherit;\">Nato e cresciuto in una famiglia discreta, con mio padre che lavorava per mantenere 6 figli. Mi sono sempre rimboccato le maniche, lavorato nelle campagne di provincia come acinino, sudato magliettine di cotone come ragazzo di volantinaggio, imbrattato le magliette con vernici e pittura di varia natura nelle lunghe giornate di lavoro come muratore. Ma ho fatto questo sempre senza nessun rimpianto: per me era normale che dovessi fare sacrifici per studiare, laurearmi, raggiungere i miei obiettivi.<\/div><div dir=\"auto\" style=\"font-family: inherit;\">Sono stato sempre curioso, questo si. Ho partecipato a pellegrinaggi in giro per il mondo nella mia parrocchia, ho indossato il fischietto e i calzoncini nei campi di periferia, ho frequentato corsi di formazione di ogni tipo, conosciuto tantissime persone.<\/div><\/div><div class=\"l7ghb35v kjdc1dyq kmwttqpk gh25dzvf jikcssrz n3t5jt4f\" style=\"overflow-wrap: break-word; margin: 0.5em 0px 0px; white-space: pre-wrap; font-family: 'Segoe UI Historic', 'Segoe UI', Helvetica, Arial, sans-serif; color: #050505; font-size: 15px;\"><div dir=\"auto\" style=\"font-family: inherit;\">Ho sempre voluto osare, anche questo \u00e8 vero. Se non fosse stato cos\u00ec avrei accettato l&#8217;offerta di lavoro in una delle pi\u00f9 fighe aziende al mondo subito dopo la laurea. Invece rifiutai. Per migliorare il mondo, tutto sommato, bisogna provarci non chiedendo permesso a nessuno.<\/div><\/div><div class=\"l7ghb35v kjdc1dyq kmwttqpk gh25dzvf jikcssrz n3t5jt4f\" style=\"overflow-wrap: break-word; margin: 0.5em 0px 0px; white-space: pre-wrap; font-family: 'Segoe UI Historic', 'Segoe UI', Helvetica, Arial, sans-serif; color: #050505; font-size: 15px;\"><div dir=\"auto\" style=\"font-family: inherit;\">Ho sempre avuto difficolt\u00e0 a spiegare qual \u00e8 il mio lavoro: insegno ai ragazzi matematica negli obblighi formativi, sono esperto in digital marketing, sono imprenditore nel settore dell&#8217;innovazione, ho esperienze nella progettazione e nella direzione dell&#8217;esecuzione dei contratti. Ma mia nonna non lo sa: lei sa solo che mi d\u00f2 molto da fare.<\/div><\/div><div class=\"l7ghb35v kjdc1dyq kmwttqpk gh25dzvf jikcssrz n3t5jt4f\" style=\"overflow-wrap: break-word; margin: 0.5em 0px 0px; white-space: pre-wrap; font-family: 'Segoe UI Historic', 'Segoe UI', Helvetica, Arial, sans-serif; color: #050505; font-size: 15px;\"><div dir=\"auto\" style=\"font-family: inherit;\">Tutto ci\u00f2 l&#8217;ho fatto per\u00f2 sempre non prendendomi troppo sul serio. Per me la vita vera sono i miei valori, la mia famiglia, mia moglie, i miei figli.<\/div><\/div><div class=\"l7ghb35v kjdc1dyq kmwttqpk gh25dzvf jikcssrz n3t5jt4f\" style=\"overflow-wrap: break-word; margin: 0.5em 0px 0px; white-space: pre-wrap; font-family: 'Segoe UI Historic', 'Segoe UI', Helvetica, Arial, sans-serif; color: #050505; font-size: 15px;\"><div dir=\"auto\" style=\"font-family: inherit;\">Ho iniziato la mia esperienza politica come consigliere di Municipio nel 2019. Non sono una persona che veniva dalla politica, non l\u2019avevo mai fatta, non sono mai stato interessato alla gestione del potere. Questi anni sono stati i pi\u00f9 intensi della mia vita: ho incontrato persone straordinarie, affrontato la quotidianit\u00e0 della mia gente, toccato con mano i problemi del territorio, visto con i miei occhi come vivono gli ultimi delle nostre comunit\u00e0.<\/div><\/div><div class=\"l7ghb35v kjdc1dyq kmwttqpk gh25dzvf jikcssrz n3t5jt4f\" style=\"overflow-wrap: break-word; margin: 0.5em 0px 0px; white-space: pre-wrap; font-family: 'Segoe UI Historic', 'Segoe UI', Helvetica, Arial, sans-serif; color: #050505; font-size: 15px;\"><div dir=\"auto\" style=\"font-family: inherit;\">Ci\u00f2 che accomuna tutte le migliaia di storie che ho incrociato in questi anni \u00e8 un senso di sfiducia e una voglia incredibile di riscatto. Perch\u00e9 noi abitanti di provincia siamo alla costante ricerca dell\u2019altro, abbiamo bisogno di riporre nell\u2019altro la nostra fiducia. Perch\u00e9 siamo cresciuti in famiglie, in comunit\u00e0 che si sono sempre aiutate l\u2019una con l\u2019altra. \u00c8 la nostra indole quella di cercare conforto in chi ci \u00e8 vicino.<\/div><\/div><div class=\"l7ghb35v kjdc1dyq kmwttqpk gh25dzvf jikcssrz n3t5jt4f\" style=\"overflow-wrap: break-word; margin: 0.5em 0px 0px; white-space: pre-wrap; font-family: 'Segoe UI Historic', 'Segoe UI', Helvetica, Arial, sans-serif; color: #050505; font-size: 15px;\"><div dir=\"auto\" style=\"font-family: inherit;\">Si, lo ammetto, ho pianto quando ho letto il mio nome come CANDIDATO nel collegio uninominale di Puglia U05 (Bari, Modugno, Triggiano, Capurso, Noicattaro, Valenzano, Bitritto, Cellamare, Mola di Bari). E non mi vergogno a dirlo. Io sono stato sempre me stesso e sempre lo sar\u00f2, con tutti i miei limiti, le mie paure, i miei entusiasmi e i miei valori.<\/div><\/div><div class=\"l7ghb35v kjdc1dyq kmwttqpk gh25dzvf jikcssrz n3t5jt4f\" style=\"overflow-wrap: break-word; margin: 0.5em 0px 0px; white-space: pre-wrap; font-family: 'Segoe UI Historic', 'Segoe UI', Helvetica, Arial, sans-serif; color: #050505; font-size: 15px;\"><div dir=\"auto\" style=\"font-family: inherit;\">Inizio questa nuova avventura dalla voglia di riscatto mia e della mia comunit\u00e0. Per me la politica \u00e8 questo: DIMOSTRARE CHE UNA NUOVA STORIA \u00c8 POSSIBILE E CHE UN NUOVO RACCONTO PU\u00d2 VENIRE DA COLORO CHE SONO SEMPRE STATI AI MARGINI DELLA SOCIET\u00c0. Perch\u00e9 a me, a noi, nessuno regala e regaler\u00e0 mai niente: dobbiamo andarci a prendere tutto con le unghie, ma \u00e8 proprio questa la nostra forza.<\/div><div dir=\"auto\" style=\"font-family: inherit;\">\u00a0<\/div><p>\u00a0<\/p><div dir=\"auto\" style=\"font-family: inherit;\">Sar\u00e0 un mese intenso amici miei.<\/div><\/div><div class=\"l7ghb35v kjdc1dyq kmwttqpk gh25dzvf jikcssrz n3t5jt4f\" style=\"overflow-wrap: break-word; margin: 0.5em 0px 0px; white-space: pre-wrap; font-family: 'Segoe UI Historic', 'Segoe UI', Helvetica, Arial, sans-serif; color: #050505; font-size: 15px;\"><div dir=\"auto\" style=\"font-family: inherit;\">Una nuova Italia \u00e8 possibile. ITALIA SUL SERIO. IO CI SONO.<\/div><\/div>\t\t\t\t\t\t\t\t<\/div>\n\t\t\t\t<\/div>\n\t\t\t\t\t<\/div>\n\t\t<\/div>\n\t\t\t\t\t<\/div>\n\t\t<\/div>\n\t\t\t\t\t<\/div>\n\t\t<\/div>\n\t\t\t\t\t<\/div>\n\t\t<\/div>\n\t\t\t\t<\/div>\n\t\t","protected":false},"excerpt":{"rendered":"<p>Chi sono La mia storia \u00e8 la storia di una persona qualunque. Di una persona normale. Di una persona di periferia. Nato e cresciuto in una famiglia discreta, con mio<\/p>\n","protected":false},"author":1,"featured_media":0,"parent":0,"menu_order":0,"comment_status":"closed","ping_status":"closed","template":"","meta":{"give_campaign_id":0,"om_disable_all_campaigns":false,"_monsterinsights_skip_tracking":false,"_monsterinsights_sitenote_active":false,"_monsterinsights_sitenote_note":"","_monsterinsights_sitenote_category":0,"footnotes":""},"class_list":["post-2603","page","type-page","status-publish","hentry"],"aioseo_notices":[],"campaignId":"","_links":{"self":[{"href":"https:\/\/politiche2022.stefanofranco.org\/index.php\/wp-json\/wp\/v2\/pages\/2603","targetHints":{"allow":["GET"]}}],"collection":[{"href":"https:\/\/politiche2022.stefanofranco.org\/index.php\/wp-json\/wp\/v2\/pages"}],"about":[{"href":"https:\/\/politiche2022.stefanofranco.org\/index.php\/wp-json\/wp\/v2\/types\/page"}],"author":[{"embeddable":true,"href":"https:\/\/politiche2022.stefanofranco.org\/index.php\/wp-json\/wp\/v2\/users\/1"}],"replies":[{"embeddable":true,"href":"https:\/\/politiche2022.stefanofranco.org\/index.php\/wp-json\/wp\/v2\/comments?post=2603"}],"version-history":[{"count":8,"href":"https:\/\/politiche2022.stefanofranco.org\/index.php\/wp-json\/wp\/v2\/pages\/2603\/revisions"}],"predecessor-version":[{"id":2721,"href":"https:\/\/politiche2022.stefanofranco.org\/index.php\/wp-json\/wp\/v2\/pages\/2603\/revisions\/2721"}],"wp:attachment":[{"href":"https:\/\/politiche2022.stefanofranco.org\/index.php\/wp-json\/wp\/v2\/media?parent=2603"}],"curies":[{"name":"wp","href":"https:\/\/api.w.org\/{rel}","templated":true}]}}