{"id":2769,"date":"2022-08-24T22:08:37","date_gmt":"2022-08-24T22:08:37","guid":{"rendered":"https:\/\/politiche2022.stefanofranco.org\/?page_id=2769"},"modified":"2022-08-24T22:12:03","modified_gmt":"2022-08-24T22:12:03","slug":"carta-dei-valori","status":"publish","type":"page","link":"https:\/\/politiche2022.stefanofranco.org\/index.php\/carta-dei-valori\/","title":{"rendered":"Carta dei Valori"},"content":{"rendered":"<p><img fetchpriority=\"high\" decoding=\"async\" class=\"aligncenter wp-image-2771 size-full\" src=\"https:\/\/politiche2022.stefanofranco.org\/wp-content\/uploads\/2022\/08\/backgroun33d_Tavola-disegno-1-scaled-e1661378991446.jpg\" alt=\"\" width=\"2560\" height=\"684\" srcset=\"https:\/\/politiche2022.stefanofranco.org\/wp-content\/uploads\/2022\/08\/backgroun33d_Tavola-disegno-1-scaled-e1661378991446.jpg 2560w, https:\/\/politiche2022.stefanofranco.org\/wp-content\/uploads\/2022\/08\/backgroun33d_Tavola-disegno-1-scaled-e1661378991446-300x80.jpg 300w, https:\/\/politiche2022.stefanofranco.org\/wp-content\/uploads\/2022\/08\/backgroun33d_Tavola-disegno-1-scaled-e1661378991446-1024x274.jpg 1024w, https:\/\/politiche2022.stefanofranco.org\/wp-content\/uploads\/2022\/08\/backgroun33d_Tavola-disegno-1-scaled-e1661378991446-768x205.jpg 768w, https:\/\/politiche2022.stefanofranco.org\/wp-content\/uploads\/2022\/08\/backgroun33d_Tavola-disegno-1-scaled-e1661378991446-1536x410.jpg 1536w, https:\/\/politiche2022.stefanofranco.org\/wp-content\/uploads\/2022\/08\/backgroun33d_Tavola-disegno-1-scaled-e1661378991446-2048x547.jpg 2048w\" sizes=\"(max-width: 2560px) 100vw, 2560px\" \/><\/p>\n<h2><strong>Carta dei Valori<\/strong><\/h2>\n<p>Donne e uomini devono avere in concreto eguali diritti e medesimi doveri. Per questo motivo ci impegniamo a promuovere costantemente i diritti delle donne nel lavoro, nella vita sociale e nella partecipazione politica. Ci impegniamo affinch\u00e9 si superino stereotipi e paradigmi sessisti. Ogni organismo politico, a partire dai nostri, sia costruito sul principio della parit\u00e0 di genere. I nostri punti di riferimento sono la Costituzione repubblicana e antifascista, la Carta dei Diritti fondamentali dell\u2019Unione europea e la Dichiarazione Universale dei Diritti Umani. Poniamo la persona al centro della nostra azione politica. Ci ispiriamo a un umanesimo integrale, fondato su rispetto, giustizia e eguaglianza. L\u2019inviolabilit\u00e0 dell\u2019identit\u00e0, la tutela dei dati personali e la dignit\u00e0 delle persone sono il fondamento del patto di cittadinanza.<\/p>\n<p>Combattiamo le disuguaglianze e ogni forma di discriminazione. Crediamo nel principio di solidariet\u00e0: nessuno deve rimanere solo di fronte alle sfide della vita e tutti devono poter sviluppare il proprio potenziale umano, valorizzando i meriti e garantendo pari opportunit\u00e0. Ci impegniamo a realizzare in concreto questo principio anche per chi \u00e8 pi\u00f9 svantaggiato, a partire dalle persone con disabilit\u00e0, consapevoli che ci\u00f2 \u00e8 garanzia della piena cittadinanza per tutte e tutti. Ci impegniamo a dare voce ai diritti dei minori che per noi non sono diritti minori. Vogliamo garantire ai bambini di vivere con serenit\u00e0 e pienezza la loro infanzia, in quanto soggetti portatori di bisogni e di diritti. Vogliamo che i giovani siano protagonisti delle scelte fondamentali del paese. Sentiamo la responsabilit\u00e0 di un patto tra generazioni.<\/p>\n<p>La libert\u00e0 di autodeterminarsi \u00e8 un diritto fondamentale delle persone: a essa va sempre associata la responsabilit\u00e0 personale. Senza l\u2019una e l\u2019altra non possono esistere eguaglianza e patto di convivenza. Non rinunceremo mai a difendere lo Stato liberale, garante delle libert\u00e0 di tutti e di ciascuno: laico, inclusivo e fondato sulla divisione dei poteri. Difenderemo sempre la libert\u00e0 di espressione e di stampa, il diritto alla veridicit\u00e0 delle informazioni quali requisiti fondamentali di una societ\u00e0 democratica. Ci sentiamo parte di una comunit\u00e0 in cui i diritti vanno sempre associati ai doveri, nel solco dello spirito costituzionale. Responsabilit\u00e0 e impegno sono valori irrinunciabili. Ciascuno di noi deve contribuire al bene comune secondo le proprie possibilit\u00e0 e capacit\u00e0.<\/p>\n<p>La Giustizia deve essere eguale, giusta e veloce per tutti i cittadini. Ci impegniamo a difendere l\u2019autonomia e l\u2019indipendenza del potere giudiziario, il principio di legalit\u00e0, i principi del giusto processo e della terziet\u00e0 del giudice. La presunzione di non colpevolezza fino alla sentenza passata in giudicato \u00e8 un cardine dello stato di diritto. Siamo garantisti: nessuno deve soffrire le distorsioni del populismo penale e del giustizialismo mediatico.<\/p>\n<p>Senza sicurezza, internazionale e interna, non pu\u00f2 esserci libert\u00e0. Le minacce del nostro tempo vanno affrontate essendo rigorosi nel reprimere e intelligenti nel prevenire. Perci\u00f2 vogliamo promuovere con determinazione azioni di pace e dialogo per difendere la legalit\u00e0 internazionale, proteggere le popolazioni civili, nel rispetto dei valori della democrazia e dei diritti umani, dando nuovo impulso alle organizzazioni multilaterali e proponendo un sistema comune di difesa europeo. Contrasteremo ogni forma di criminalit\u00e0 e degrado, a partire da una lotta sempre pi\u00f9 dura contro mafie e terrorismo. Ci impegniamo a sradicare le cause che generano sentimenti di solitudine ed emarginazione da cui nascono le paure, a cominciare dalle nostre periferie.<\/p>\n<p>Il coraggio e la passione per il cambiamento sono indispensabili per costruire un\u2019Italia migliore. Vogliamo essere il partito che contrasta la povert\u00e0 con la crescita e il progresso, di tutti e per tutti, accompagnando le persone nei processi di cambiamento.<\/p>\n<p>Sosteniamo l\u2019innovazione, promuovendo l\u2019adeguamento costante delle competenze individuali e proteggendo le persone con un sistema di welfare generativo, che aiuti le famiglie, investa sulle nuove generazioni e dia sicurezze ai pi\u00f9 indifesi, per una societ\u00e0 solida e solidale. Crediamo nel valore dell\u2019impegno solidaristico e nel principio di sussidiariet\u00e0.<\/p>\n<p>Il lavoro \u00e8 uno strumento fondamentale per rimuovere le disuguaglianze. Esso \u00e8 presupposto della realizzazione individuale e del benessere collettivo. Il lavoro va creato, tutelato e incentivato. L\u2019iniziativa economica e l\u2019impresa vanno sostenute come strumento essenziale per la crescita. Non ci rassegniamo alla cultura dell\u2019assistenzialismo e del conservatorismo.<\/p>\n<p>Dare valore alla cultura, alla conoscenza e alle competenze significa costruire una societ\u00e0 pi\u00f9 forte e libera. L\u2019istruzione e la formazione permanente sono strumenti indispensabili di mobilit\u00e0 sociale. Ci impegniamo a sconfiggere la povert\u00e0 educativa. La scuola \u00e8 il luogo principale della formazione dello spirito critico e della cittadinanza consapevole. La bellezza del nostro patrimonio culturale e storico \u00e8 un bene comune che va difeso e valorizzato.<\/p>\n<p>La cura del vivente umano e non umano, dell\u2019ambiente, del nostro paesaggio e del patrimonio naturale \u00e8 per noi centrale. Ci impegniamo a promuovere un modello di sviluppo sostenibile, che si fondi sull\u2019utilizzo responsabile della tecnologia e contrasti la cultura dello spreco. Tutelare l\u2019ambiente significa tutelare la salute nostra e delle generazioni future.<\/p>\n<p>Ci impegniamo a difendere i nostri valori in una societ\u00e0 aperta. L\u2019identit\u00e0 italiana \u00e8 il frutto di scambi, contaminazioni, ricchezze condivise che hanno prodotto progresso sociale, economico e culturale. Non sono i muri e le barriere che possono difendere la nostra identit\u00e0. Contrastiamo il nazionalismo, il sovranismo, il protezionismo, la paura dell\u2019altro.<\/p>\n<p>La linfa vitale del nostro paese sono le nostre comunit\u00e0. Nord e Sud del paese non possono essere sinonimo di contrapposizione tra bisogni differenti. Lo sviluppo equilibrato di entrambi \u00e8 il presupposto per la crescita di tutto il paese. Valore aggiunto sono le comunit\u00e0 dei nostri connazionali all\u2019estero, primi ambasciatori dell\u2019Italia nel mondo. Le autonomie locali sono il primo presidio della Repubblica e sono fondamentale strumento di partecipazione democratica.<\/p>\n<p>Siamo orgogliosi di essere italiani ed europei. Per rendere il nostro Paese pi\u00f9 forte abbiamo bisogno di un\u2019Europa pi\u00f9 forte e pi\u00f9 coesa. Ci impegniamo a costruire l\u2019Europa che non c\u2019\u00e9 ancora: un\u2019Europa politica e non tecnocratica. Siamo federalisti europei, vogliamo costruire gli Stati Uniti d\u2019Europa. La democrazia rappresentativa \u00e8 un patrimonio irrinunciabile: ci impegniamo a difenderla sempre, anche attraverso forme di partecipazioni innovative. Crediamo in una democrazia capace di essere insieme rappresentativa, decidente e trasparente. Siamo riformisti. Italia Viva nasce per garantire a tutti e a tutte il diritto al futuro.<\/p>\n<p>https:\/\/www.italiaviva.it\/carta_dei_valori_home#more<\/p>\n<p>&nbsp;<\/p>\n","protected":false},"excerpt":{"rendered":"<p>Carta dei Valori Donne e uomini devono avere in concreto eguali diritti e medesimi doveri. Per questo motivo ci impegniamo a promuovere costantemente i diritti delle donne nel lavoro, nella<\/p>\n","protected":false},"author":1,"featured_media":2619,"parent":0,"menu_order":0,"comment_status":"closed","ping_status":"closed","template":"","meta":{"give_campaign_id":0,"om_disable_all_campaigns":false,"_monsterinsights_skip_tracking":false,"_monsterinsights_sitenote_active":false,"_monsterinsights_sitenote_note":"","_monsterinsights_sitenote_category":0,"footnotes":""},"class_list":["post-2769","page","type-page","status-publish","has-post-thumbnail","hentry"],"aioseo_notices":[],"campaignId":"","_links":{"self":[{"href":"https:\/\/politiche2022.stefanofranco.org\/index.php\/wp-json\/wp\/v2\/pages\/2769","targetHints":{"allow":["GET"]}}],"collection":[{"href":"https:\/\/politiche2022.stefanofranco.org\/index.php\/wp-json\/wp\/v2\/pages"}],"about":[{"href":"https:\/\/politiche2022.stefanofranco.org\/index.php\/wp-json\/wp\/v2\/types\/page"}],"author":[{"embeddable":true,"href":"https:\/\/politiche2022.stefanofranco.org\/index.php\/wp-json\/wp\/v2\/users\/1"}],"replies":[{"embeddable":true,"href":"https:\/\/politiche2022.stefanofranco.org\/index.php\/wp-json\/wp\/v2\/comments?post=2769"}],"version-history":[{"count":4,"href":"https:\/\/politiche2022.stefanofranco.org\/index.php\/wp-json\/wp\/v2\/pages\/2769\/revisions"}],"predecessor-version":[{"id":2774,"href":"https:\/\/politiche2022.stefanofranco.org\/index.php\/wp-json\/wp\/v2\/pages\/2769\/revisions\/2774"}],"wp:featuredmedia":[{"embeddable":true,"href":"https:\/\/politiche2022.stefanofranco.org\/index.php\/wp-json\/wp\/v2\/media\/2619"}],"wp:attachment":[{"href":"https:\/\/politiche2022.stefanofranco.org\/index.php\/wp-json\/wp\/v2\/media?parent=2769"}],"curies":[{"name":"wp","href":"https:\/\/api.w.org\/{rel}","templated":true}]}}