{"id":699,"date":"2020-11-10T12:33:50","date_gmt":"2020-11-10T12:33:50","guid":{"rendered":"https:\/\/bytesed.com\/wp\/harnold\/?page_id=699"},"modified":"2022-09-06T05:50:46","modified_gmt":"2022-09-06T05:50:46","slug":"biography","status":"publish","type":"page","link":"https:\/\/politiche2022.stefanofranco.org\/index.php\/biography\/","title":{"rendered":"Biografia"},"content":{"rendered":"\t\t<div data-elementor-type=\"wp-page\" data-elementor-id=\"699\" class=\"elementor elementor-699\">\n\t\t\t\t\t\t<section class=\"elementor-section elementor-top-section elementor-element elementor-element-374654d elementor-section-boxed elementor-section-height-default elementor-section-height-default\" data-id=\"374654d\" data-element_type=\"section\" data-e-type=\"section\">\n\t\t\t\t\t\t<div class=\"elementor-container elementor-column-gap-default\">\n\t\t\t\t\t<div class=\"elementor-column elementor-col-100 elementor-top-column elementor-element elementor-element-1c205ff\" data-id=\"1c205ff\" data-element_type=\"column\" data-e-type=\"column\">\n\t\t\t<div class=\"elementor-widget-wrap elementor-element-populated\">\n\t\t\t\t\t\t<div class=\"elementor-element elementor-element-873fa75 elementor-invisible elementor-widget elementor-widget-harnold-biography-item-widget\" data-id=\"873fa75\" data-element_type=\"widget\" data-e-type=\"widget\" data-settings=\"{&quot;_animation&quot;:&quot;fadeInUp&quot;}\" data-widget_type=\"harnold-biography-item-widget.default\">\n\t\t\t\t<div class=\"elementor-widget-container\">\n\t\t\t\t\t        <div class=\"biography-item-wrap\">\r\n            <div class=\"biography-single-item\">\r\n                <div class=\"thumb\">\r\n                    <img decoding=\"async\" src=\"https:\/\/politiche2022.stefanofranco.org\/wp-content\/uploads\/elementor\/thumbs\/IMG_0922-scaled-ptp1ukl2bfu3xglc8czb1krnuw5n00d1qec55rm3ow.jpg\" title=\"IMG_0922\" alt=\"IMG_0922\" loading=\"lazy\" \/>                <\/div>\r\n                <div class=\"content-wrap\">\r\n                    <div class=\"content\">\r\n                        <div class=\"section-title\">\r\n                            <span>Curriculum Vitae<\/span>\r\n                            <h2 class=\"title\">Stefano Franco                            <\/h2>\r\n                            <p><\/p>\r\n                            <div class=\"social-link\">\r\n                                <ul>\r\n                                                                            <li>\r\n                                            <a href=\"#\">\r\n                                                <i aria-hidden=\"true\" class=\"fab fa-facebook-f\"><\/i>                                            <\/a>\r\n                                        <\/li>\r\n                                                                            <li>\r\n                                            <a href=\"#\">\r\n                                                <i aria-hidden=\"true\" class=\"flaticon flaticon-twitter\"><\/i>                                            <\/a>\r\n                                        <\/li>\r\n                                                                            <li>\r\n                                            <a href=\"#\">\r\n                                                <i aria-hidden=\"true\" class=\"fab fa-linkedin-in\"><\/i>                                            <\/a>\r\n                                        <\/li>\r\n                                                                            <li>\r\n                                            <a href=\"#\">\r\n                                                <i aria-hidden=\"true\" class=\"fab fa-instagram\"><\/i>                                            <\/a>\r\n                                        <\/li>\r\n                                                                    <\/ul>\r\n                            <\/div>\r\n                        <\/div>\r\n                        <div class=\"content_wrapper\"><p>Progettista e Project Manager - Esperto in didattica innovativa<br \/>attraverso l'utilizzo delle nuove tecnologie digitali - Innovation<br \/>Manager e Business Developer sulle tecnologie esponenziali<\/p><\/div>\r\n                    <\/div>\r\n                <\/div>\r\n            <\/div>\r\n        <\/div>\r\n        \t\t\t\t<\/div>\n\t\t\t\t<\/div>\n\t\t\t\t<section class=\"elementor-section elementor-inner-section elementor-element elementor-element-1467f06 elementor-section-boxed elementor-section-height-default elementor-section-height-default\" data-id=\"1467f06\" data-element_type=\"section\" data-e-type=\"section\">\n\t\t\t\t\t\t<div class=\"elementor-container elementor-column-gap-default\">\n\t\t\t\t\t<div class=\"elementor-column elementor-col-100 elementor-inner-column elementor-element elementor-element-8b1e347\" data-id=\"8b1e347\" data-element_type=\"column\" data-e-type=\"column\">\n\t\t\t<div class=\"elementor-widget-wrap elementor-element-populated\">\n\t\t\t\t\t\t<div class=\"elementor-element elementor-element-5687e01 elementor-widget elementor-widget-text-editor\" data-id=\"5687e01\" data-element_type=\"widget\" data-e-type=\"widget\" data-widget_type=\"text-editor.default\">\n\t\t\t\t<div class=\"elementor-widget-container\">\n\t\t\t\t\t\t\t\t\t<p><em>Ciao a tutti,&nbsp;<\/em><em>sono Stefano FRANCO.<\/em><\/p>\n<p><em>molti di voi mi conoscono gi\u00e0 perch\u00e9 mi hanno seguito nella mia attivit\u00e0 da consigliere di municipio 3 nel comune di bari.<\/em><\/p>\n<p><em>molti altri invece ancora non mi conoscono e questo video ha proprio l&#8217;obiettivo di presentare al meglio la mia candidatura alla Camera dei Deputati per il collegio uninominale di Bari, Bitritto, Capurso, Cellamare, Mola di Bari, Modugno, Noicattaro, Triggiano e Valenzano.<\/em><\/p>\n<p><em>Io non vengo dalla politica, l&#8217;ho sempre vista da lontano, non sono mai stato interessato alla gestione del potere.&nbsp;<\/em><\/p>\n<p><em>Nella mia vita ho fatto tante cose, ho viaggiato, studiato, praticato sport. La mia prima attivit\u00e0 imprenditoriale l&#8217;ho svolta in America, innovando nel settore turistico. Oggi ho una partita iva come consulente informatico e sono un imprenditore nel settore dell\u2019innovazione tecnologica. Ho toccato con mano, come tanti imprenditori, le conseguenze che il COVID ha dato al mio business. <\/em><br><em>Provengo dal terzo settore e sono socio fondatore di una delle principali organizzazioni del nostro territorio sulla divulgazione e ricerca scientifica indipendente. Sono da sempre impegnato in una serie di iniziative di volontariato in diverse organizzazioni che si occupano di anziani, giovani, territorio.<\/em><\/p>\n<p><\/p>\n<p><em>Provengo da una cultura familiare che mi ha trasmesso il valore della reciprocit\u00e0 e dell&#8217;apertura all&#8217;altro. Condivido la mia esperienza di vita con mia moglie e con due giovanissimi figli. Dicono che io sia stacanovista e mi dedichi troppo al lavoro ma per me la famiglia viene prima di tutto.<\/em><\/p>\n<p><em>Nel 2019 mi sono messo in gioco e ho accettato la candidatura come consigliere di municipio. Una volta eletto ho toccato con mano cosa vuol dire fare politica di prossimit\u00e0, incontrare le persone, confrontarsi con i problemi quotidiani. Ho sempre camminato con la gente e non tra la gente e per me il concetto di territorialit\u00e0 \u00e8 fondamentale: non su pu\u00f2 fare politica se non si ha alla base una esperienza di contatto con le persone.<\/em><\/p>\n<p><em>Ho accettato questa candidatura alla Camera dei Deputati con il Terzo Polo perch\u00e9 penso che in questo spazio politico liberale e moderato, europeista e atlantista, ci sia la ricetta del mondo del futuro. <\/em><br><em>Il Terzo Polo ha un programma elettorale all\u2019avanguardia, una proposta nuova e originale nel panorama politico italiano. Giovani, famiglie, anziani, imprese, terzo settore, agricoltura, crisi idrica, energia sono i capisaldi del nostro programma elettorale.<\/em><\/p>\n<p><em>Sar\u00e0 una campagna elettorale brevissima, io come al solito ce la metter\u00f2 tutta. <\/em><\/p>\n<p><em>&nbsp;<\/em><\/p>\n<p><em>&nbsp;<\/em><\/p>\t\t\t\t\t\t\t\t<\/div>\n\t\t\t\t<\/div>\n\t\t\t\t\t<\/div>\n\t\t<\/div>\n\t\t\t\t\t<\/div>\n\t\t<\/section>\n\t\t\t\t<div class=\"elementor-element elementor-element-21a2729 eael-cta-overlay-yes elementor-widget elementor-widget-eael-cta-box\" data-id=\"21a2729\" data-element_type=\"widget\" data-e-type=\"widget\" data-widget_type=\"eael-cta-box.default\">\n\t\t\t\t<div class=\"elementor-widget-container\">\n\t\t\t\t\t\t\t\t<div class=\"eael-call-to-action cta-flex bg-img bg-fixed cta-preset-2\">\n\t    <div class=\"content\">\n            <h4 class=\"sub-title\">Tutte le mie esperienze<\/h4><h2 class=\"title eael-cta-heading\">Scarica il mio Curriculum Vitae<\/h2>\t    <\/div>\n\t    <div class=\"action\">\n\t        <a href=\"https:\/\/politiche2022.stefanofranco.org\/index.php\/biography\/\" class=\"cta-button cta-preset-2 cta-btn-preset-2 \"><span class=\"btn-icon\"><i class=\"fas fa-clone\"><\/i><\/span>Scarica<\/a>\t    <\/div>\n\t<\/div>\n\t\t\t\t\t\t\t<\/div>\n\t\t\t\t<\/div>\n\t\t\t\t\t<\/div>\n\t\t<\/div>\n\t\t\t\t\t<\/div>\n\t\t<\/section>\n\t\t\t\t<section class=\"elementor-section elementor-top-section elementor-element elementor-element-7b680c8d elementor-section-boxed elementor-section-height-default elementor-section-height-default\" data-id=\"7b680c8d\" data-element_type=\"section\" data-e-type=\"section\">\n\t\t\t\t\t\t<div class=\"elementor-container elementor-column-gap-default\">\n\t\t\t\t\t<div class=\"elementor-column elementor-col-100 elementor-top-column elementor-element elementor-element-7bdf70b\" data-id=\"7bdf70b\" data-element_type=\"column\" data-e-type=\"column\">\n\t\t\t<div class=\"elementor-widget-wrap elementor-element-populated\">\n\t\t\t\t\t\t<div class=\"elementor-element elementor-element-740cbfdc elementor-widget elementor-widget-heading\" data-id=\"740cbfdc\" data-element_type=\"widget\" data-e-type=\"widget\" data-widget_type=\"heading.default\">\n\t\t\t\t<div class=\"elementor-widget-container\">\n\t\t\t\t\t<h3 class=\"elementor-heading-title elementor-size-default\">I temi principali della mia candidatura<\/h3>\t\t\t\t<\/div>\n\t\t\t\t<\/div>\n\t\t\t\t<div class=\"elementor-element elementor-element-27e2a1da elementor-widget-divider--view-line elementor-widget elementor-widget-divider\" data-id=\"27e2a1da\" data-element_type=\"widget\" data-e-type=\"widget\" data-widget_type=\"divider.default\">\n\t\t\t\t<div class=\"elementor-widget-container\">\n\t\t\t\t\t\t\t<div class=\"elementor-divider\">\n\t\t\t<span class=\"elementor-divider-separator\">\n\t\t\t\t\t\t<\/span>\n\t\t<\/div>\n\t\t\t\t\t\t<\/div>\n\t\t\t\t<\/div>\n\t\t\t\t<section class=\"elementor-section elementor-inner-section elementor-element elementor-element-55f56e52 elementor-section-boxed elementor-section-height-default elementor-section-height-default\" data-id=\"55f56e52\" data-element_type=\"section\" data-e-type=\"section\">\n\t\t\t\t\t\t<div class=\"elementor-container elementor-column-gap-default\">\n\t\t\t\t\t<div class=\"elementor-column elementor-col-33 elementor-inner-column elementor-element elementor-element-d5625bc\" data-id=\"d5625bc\" data-element_type=\"column\" data-e-type=\"column\">\n\t\t\t<div class=\"elementor-widget-wrap elementor-element-populated\">\n\t\t\t\t\t\t<div class=\"elementor-element elementor-element-6a475f0 elementor-widget elementor-widget-harnold-team-single-item-widget\" data-id=\"6a475f0\" data-element_type=\"widget\" data-e-type=\"widget\" data-widget_type=\"harnold-team-single-item-widget.default\">\n\t\t\t\t<div class=\"elementor-widget-container\">\n\t\t\t\t\t        <div class=\"team-single-item margin-bottom-30\">\n            <div class=\"thumb\">\n                <img decoding=\"async\" src=\"https:\/\/politiche2022.stefanofranco.org\/wp-content\/uploads\/2022\/09\/pexels-mark-stebnicki-2252584-scaled.jpg\" alt=\"\">\n            <\/div>\n            <div class=\"content\">\n                <h4 class=\"title\">\n                    <a href=\"https:\/\/politiche2022.stefanofranco.org\/index.php\/agricoltura\/\">Agricoltura<\/a>\n                <\/h4>\n                <span class=\"subtitle\">Territorio<\/span>\n            <\/div>\n        <\/div>\n        \t\t\t\t<\/div>\n\t\t\t\t<\/div>\n\t\t\t\t\t<\/div>\n\t\t<\/div>\n\t\t\t\t<div class=\"elementor-column elementor-col-33 elementor-inner-column elementor-element elementor-element-2f6745a7\" data-id=\"2f6745a7\" data-element_type=\"column\" data-e-type=\"column\">\n\t\t\t<div class=\"elementor-widget-wrap elementor-element-populated\">\n\t\t\t\t\t\t<div class=\"elementor-element elementor-element-2d7a920c elementor-widget elementor-widget-harnold-team-single-item-widget\" data-id=\"2d7a920c\" data-element_type=\"widget\" data-e-type=\"widget\" data-widget_type=\"harnold-team-single-item-widget.default\">\n\t\t\t\t<div class=\"elementor-widget-container\">\n\t\t\t\t\t        <div class=\"team-single-item margin-bottom-30\">\n            <div class=\"thumb\">\n                <img decoding=\"async\" src=\"https:\/\/politiche2022.stefanofranco.org\/wp-content\/uploads\/2022\/09\/pexels-pixabay-416528-scaled-e1662137787536.jpg\" alt=\"\">\n            <\/div>\n            <div class=\"content\">\n                <h4 class=\"title\">\n                    <a href=\"https:\/\/politiche2022.stefanofranco.org\/index.php\/crisi-idrica\/\">Crisi Idrica<\/a>\n                <\/h4>\n                <span class=\"subtitle\">Ambiente<\/span>\n            <\/div>\n        <\/div>\n        \t\t\t\t<\/div>\n\t\t\t\t<\/div>\n\t\t\t\t\t<\/div>\n\t\t<\/div>\n\t\t\t\t<div class=\"elementor-column elementor-col-33 elementor-inner-column elementor-element elementor-element-7a707864\" data-id=\"7a707864\" data-element_type=\"column\" data-e-type=\"column\">\n\t\t\t<div class=\"elementor-widget-wrap elementor-element-populated\">\n\t\t\t\t\t\t<div class=\"elementor-element elementor-element-71afed70 elementor-widget elementor-widget-harnold-team-single-item-widget\" data-id=\"71afed70\" data-element_type=\"widget\" data-e-type=\"widget\" data-widget_type=\"harnold-team-single-item-widget.default\">\n\t\t\t\t<div class=\"elementor-widget-container\">\n\t\t\t\t\t        <div class=\"team-single-item margin-bottom-30\">\n            <div class=\"thumb\">\n                <img decoding=\"async\" src=\"https:\/\/politiche2022.stefanofranco.org\/wp-content\/uploads\/2022\/09\/pexels-pixabay-459728.jpg\" alt=\"\">\n            <\/div>\n            <div class=\"content\">\n                <h4 class=\"title\">\n                    <a href=\"https:\/\/politiche2022.stefanofranco.org\/index.php\/energia\/\">Energia<\/a>\n                <\/h4>\n                <span class=\"subtitle\">Ambiente<\/span>\n            <\/div>\n        <\/div>\n        \t\t\t\t<\/div>\n\t\t\t\t<\/div>\n\t\t\t\t\t<\/div>\n\t\t<\/div>\n\t\t\t\t\t<\/div>\n\t\t<\/section>\n\t\t\t\t<section class=\"elementor-section elementor-inner-section elementor-element elementor-element-41e04654 elementor-section-boxed elementor-section-height-default elementor-section-height-default\" data-id=\"41e04654\" data-element_type=\"section\" data-e-type=\"section\">\n\t\t\t\t\t\t<div class=\"elementor-container elementor-column-gap-default\">\n\t\t\t\t\t<div class=\"elementor-column elementor-col-33 elementor-inner-column elementor-element elementor-element-2d72e4dc\" data-id=\"2d72e4dc\" data-element_type=\"column\" data-e-type=\"column\">\n\t\t\t<div class=\"elementor-widget-wrap elementor-element-populated\">\n\t\t\t\t\t\t<div class=\"elementor-element elementor-element-55ab315f elementor-widget elementor-widget-harnold-team-single-item-widget\" data-id=\"55ab315f\" data-element_type=\"widget\" data-e-type=\"widget\" data-widget_type=\"harnold-team-single-item-widget.default\">\n\t\t\t\t<div class=\"elementor-widget-container\">\n\t\t\t\t\t        <div class=\"team-single-item margin-bottom-30\">\n            <div class=\"thumb\">\n                <img decoding=\"async\" src=\"https:\/\/politiche2022.stefanofranco.org\/wp-content\/uploads\/2022\/09\/pexels-fauxels-3184437-scaled.jpg\" alt=\"\">\n            <\/div>\n            <div class=\"content\">\n                <h4 class=\"title\">\n                    <a href=\"https:\/\/politiche2022.stefanofranco.org\/index.php\/giovani\/\">Giovani<\/a>\n                <\/h4>\n                <span class=\"subtitle\">Welfare<\/span>\n            <\/div>\n        <\/div>\n        \t\t\t\t<\/div>\n\t\t\t\t<\/div>\n\t\t\t\t\t<\/div>\n\t\t<\/div>\n\t\t\t\t<div class=\"elementor-column elementor-col-33 elementor-inner-column elementor-element elementor-element-2d892dab\" data-id=\"2d892dab\" data-element_type=\"column\" data-e-type=\"column\">\n\t\t\t<div class=\"elementor-widget-wrap elementor-element-populated\">\n\t\t\t\t\t\t<div class=\"elementor-element elementor-element-58b597e4 elementor-widget elementor-widget-harnold-team-single-item-widget\" data-id=\"58b597e4\" data-element_type=\"widget\" data-e-type=\"widget\" data-widget_type=\"harnold-team-single-item-widget.default\">\n\t\t\t\t<div class=\"elementor-widget-container\">\n\t\t\t\t\t        <div class=\"team-single-item margin-bottom-30\">\n            <div class=\"thumb\">\n                <img decoding=\"async\" src=\"https:\/\/politiche2022.stefanofranco.org\/wp-content\/uploads\/2022\/09\/pexels-anamul-rezwan-1145434-scaled.jpg\" alt=\"\">\n            <\/div>\n            <div class=\"content\">\n                <h4 class=\"title\">\n                    <a href=\"https:\/\/politiche2022.stefanofranco.org\/index.php\/impresa\/\">Impresa<\/a>\n                <\/h4>\n                <span class=\"subtitle\">Sviluppo<\/span>\n            <\/div>\n        <\/div>\n        \t\t\t\t<\/div>\n\t\t\t\t<\/div>\n\t\t\t\t\t<\/div>\n\t\t<\/div>\n\t\t\t\t<div class=\"elementor-column elementor-col-33 elementor-inner-column elementor-element elementor-element-57e22f32\" data-id=\"57e22f32\" data-element_type=\"column\" data-e-type=\"column\">\n\t\t\t<div class=\"elementor-widget-wrap elementor-element-populated\">\n\t\t\t\t\t\t<div class=\"elementor-element elementor-element-77abb18c elementor-widget elementor-widget-harnold-team-single-item-widget\" data-id=\"77abb18c\" data-element_type=\"widget\" data-e-type=\"widget\" data-widget_type=\"harnold-team-single-item-widget.default\">\n\t\t\t\t<div class=\"elementor-widget-container\">\n\t\t\t\t\t        <div class=\"team-single-item margin-bottom-30\">\n            <div class=\"thumb\">\n                <img decoding=\"async\" src=\"https:\/\/politiche2022.stefanofranco.org\/wp-content\/uploads\/2022\/09\/pexels-max-fischer-5212345-scaled.jpg\" alt=\"\">\n            <\/div>\n            <div class=\"content\">\n                <h4 class=\"title\">\n                    <a href=\"https:\/\/politiche2022.stefanofranco.org\/index.php\/scuola\/\">Scuola<\/a>\n                <\/h4>\n                <span class=\"subtitle\">Futuro<\/span>\n            <\/div>\n        <\/div>\n        \t\t\t\t<\/div>\n\t\t\t\t<\/div>\n\t\t\t\t\t<\/div>\n\t\t<\/div>\n\t\t\t\t\t<\/div>\n\t\t<\/section>\n\t\t\t\t<section class=\"elementor-section elementor-inner-section elementor-element elementor-element-10abad2 elementor-section-boxed elementor-section-height-default elementor-section-height-default\" data-id=\"10abad2\" data-element_type=\"section\" data-e-type=\"section\">\n\t\t\t\t\t\t<div class=\"elementor-container elementor-column-gap-default\">\n\t\t\t\t\t<div class=\"elementor-column elementor-col-33 elementor-inner-column elementor-element elementor-element-718900f\" data-id=\"718900f\" data-element_type=\"column\" data-e-type=\"column\">\n\t\t\t<div class=\"elementor-widget-wrap\">\n\t\t\t\t\t\t\t<\/div>\n\t\t<\/div>\n\t\t\t\t<div class=\"elementor-column elementor-col-33 elementor-inner-column elementor-element elementor-element-3952ec6\" data-id=\"3952ec6\" data-element_type=\"column\" data-e-type=\"column\">\n\t\t\t<div class=\"elementor-widget-wrap elementor-element-populated\">\n\t\t\t\t\t\t<div class=\"elementor-element elementor-element-52d3894 elementor-widget elementor-widget-harnold-team-single-item-widget\" data-id=\"52d3894\" data-element_type=\"widget\" data-e-type=\"widget\" data-widget_type=\"harnold-team-single-item-widget.default\">\n\t\t\t\t<div class=\"elementor-widget-container\">\n\t\t\t\t\t        <div class=\"team-single-item margin-bottom-30\">\n            <div class=\"thumb\">\n                <img decoding=\"async\" src=\"https:\/\/politiche2022.stefanofranco.org\/wp-content\/uploads\/2022\/09\/pexels-hasan-albari-1652340-scaled.jpg\" alt=\"\">\n            <\/div>\n            <div class=\"content\">\n                <h4 class=\"title\">\n                    <a href=\"https:\/\/politiche2022.stefanofranco.org\/index.php\/welfare-e-anziani\/\">Anziani<\/a>\n                <\/h4>\n                <span class=\"subtitle\">Welfare<\/span>\n            <\/div>\n        <\/div>\n        \t\t\t\t<\/div>\n\t\t\t\t<\/div>\n\t\t\t\t\t<\/div>\n\t\t<\/div>\n\t\t\t\t<div class=\"elementor-column elementor-col-33 elementor-inner-column elementor-element elementor-element-0de51f6\" data-id=\"0de51f6\" data-element_type=\"column\" data-e-type=\"column\">\n\t\t\t<div class=\"elementor-widget-wrap\">\n\t\t\t\t\t\t\t<\/div>\n\t\t<\/div>\n\t\t\t\t\t<\/div>\n\t\t<\/section>\n\t\t\t\t<section class=\"elementor-section elementor-inner-section elementor-element elementor-element-4bc9421 elementor-section-boxed elementor-section-height-default elementor-section-height-default\" data-id=\"4bc9421\" data-element_type=\"section\" data-e-type=\"section\">\n\t\t\t\t\t\t<div class=\"elementor-container elementor-column-gap-default\">\n\t\t\t\t\t<div class=\"elementor-column elementor-col-100 elementor-inner-column elementor-element elementor-element-60e2fdaa\" data-id=\"60e2fdaa\" data-element_type=\"column\" data-e-type=\"column\">\n\t\t\t<div class=\"elementor-widget-wrap elementor-element-populated\">\n\t\t\t\t\t\t<div class=\"elementor-element elementor-element-68598ddf elementor-widget elementor-widget-spacer\" data-id=\"68598ddf\" data-element_type=\"widget\" data-e-type=\"widget\" data-widget_type=\"spacer.default\">\n\t\t\t\t<div class=\"elementor-widget-container\">\n\t\t\t\t\t\t\t<div class=\"elementor-spacer\">\n\t\t\t<div class=\"elementor-spacer-inner\"><\/div>\n\t\t<\/div>\n\t\t\t\t\t\t<\/div>\n\t\t\t\t<\/div>\n\t\t\t\t\t<\/div>\n\t\t<\/div>\n\t\t\t\t\t<\/div>\n\t\t<\/section>\n\t\t\t\t\t<\/div>\n\t\t<\/div>\n\t\t\t\t\t<\/div>\n\t\t<\/section>\n\t\t\t\t<\/div>\n\t\t","protected":false},"excerpt":{"rendered":"<p>Curriculum Vitae Stefano Franco Progettista e Project Manager &#8211; Esperto in didattica innovativaattraverso l&#8217;utilizzo delle nuove tecnologie digitali &#8211; InnovationManager e Business Developer sulle tecnologie esponenziali Ciao a tutti,&nbsp;sono Stefano<\/p>\n","protected":false},"author":1,"featured_media":0,"parent":0,"menu_order":0,"comment_status":"closed","ping_status":"closed","template":"","meta":{"give_campaign_id":0,"om_disable_all_campaigns":false,"_monsterinsights_skip_tracking":false,"_monsterinsights_sitenote_active":false,"_monsterinsights_sitenote_note":"","_monsterinsights_sitenote_category":0,"footnotes":""},"class_list":["post-699","page","type-page","status-publish","hentry"],"aioseo_notices":[],"campaignId":"","_links":{"self":[{"href":"https:\/\/politiche2022.stefanofranco.org\/index.php\/wp-json\/wp\/v2\/pages\/699","targetHints":{"allow":["GET"]}}],"collection":[{"href":"https:\/\/politiche2022.stefanofranco.org\/index.php\/wp-json\/wp\/v2\/pages"}],"about":[{"href":"https:\/\/politiche2022.stefanofranco.org\/index.php\/wp-json\/wp\/v2\/types\/page"}],"author":[{"embeddable":true,"href":"https:\/\/politiche2022.stefanofranco.org\/index.php\/wp-json\/wp\/v2\/users\/1"}],"replies":[{"embeddable":true,"href":"https:\/\/politiche2022.stefanofranco.org\/index.php\/wp-json\/wp\/v2\/comments?post=699"}],"version-history":[{"count":26,"href":"https:\/\/politiche2022.stefanofranco.org\/index.php\/wp-json\/wp\/v2\/pages\/699\/revisions"}],"predecessor-version":[{"id":3110,"href":"https:\/\/politiche2022.stefanofranco.org\/index.php\/wp-json\/wp\/v2\/pages\/699\/revisions\/3110"}],"wp:attachment":[{"href":"https:\/\/politiche2022.stefanofranco.org\/index.php\/wp-json\/wp\/v2\/media?parent=699"}],"curies":[{"name":"wp","href":"https:\/\/api.w.org\/{rel}","templated":true}]}}